{"id":5,"date":"2005-06-27T16:56:02","date_gmt":"2005-06-27T14:56:02","guid":{"rendered":"http:\/\/dt.besamungsgeraet.de\/der-arbeitsplatz\/"},"modified":"2020-06-19T12:00:27","modified_gmt":"2020-06-19T10:00:27","slug":"stereomikroskope","status":"publish","type":"page","link":"https:\/\/www.besamungsgeraet.de\/__dt\/stereomikroskope\/","title":{"rendered":"Stereomikroskope"},"content":{"rendered":"<h2>f\u00fcr die Besamung von Bienenk\u00f6niginnen<\/h2>\n<p>Stereomikroskope weisen f\u00fcr jedes Auge voneinander getrennte Strahleng\u00e4nge auf, so da\u00df r\u00e4umliches Sehen m\u00f6glich ist. Das bedeutet eine bessere Tiefenwahrnehmung und erleichtert die r\u00e4umliche Einordnung.\u00a0 Eine Kontrolle der Bewegungsabl\u00e4ufe an einem Flachbildschirm mit Hilfe einer Kamera ist zwar m\u00f6glich, kommt aber bei weitem nicht an die Qualit\u00e4t der direkten Stereomikroskopbetrachtung heran. Der Vergr\u00f6\u00dferungsbereich ist entweder festgelegt oder bewegt sich bei den verstellbaren Zoom-Optiken in der Regel zwischen 7,5 &#8211; 45 x bei einem Arbeitsabstand von 90 &#8211; 100 mm. Mit Vorsatzlinsen kann der Abstand erh\u00f6ht werden. 120 mm sind optimal. Im Objektivbereich mu\u00df f\u00fcr die Besamungsspritze auf jeden Fall gen\u00fcgend Platz vorhanden sein.<\/p>\n<p>Wir ben\u00f6tigen eine 10-fache Vergr\u00f6\u00dferung (z.B. Okulare 10 x und Objektiv 1 x ergeben eine Gesamtvergr\u00f6\u00dferung von 10 x). Wenn das Mikroskop nur diese M\u00f6glichkeit bietet, so reicht das f\u00fcr die Besamung v\u00f6llig aus. Je h\u00f6her die Vergr\u00f6\u00dferung desto geringer ist die Tiefensch\u00e4rfe und die \u00dcbersichtlichkeit geht verloren. Bei 10-facher Vergr\u00f6\u00dferung hat man bereits alles voll im Blick. Eine Vergr\u00f6\u00dferung von mehr als 15 x ist bereits unpraktisch. Bei der oben angesprochenen Zoom-Ausf\u00fchrung ist die Einstellung der Vergr\u00f6\u00dferung flie\u00dfend und man kann sich bestimmte Dinge je nach Bedarf genauer ansehen. Das ist schon ein Vorteil.<\/p>\n<p>Die Hersteller bieten Stereomikroskopmodelle unterschiedlicher Preisklassen und Ausbaustufen f\u00fcr Sonderaufgaben an. Nicht alle Ger\u00e4te sind wegen ihrer Abmessungen im Objektivbereich und im Unterbau zweckm\u00e4\u00dfig. Eine Unterflurbeleuchtung, also eine zus\u00e4tzliche Lichtquelle, die sich in einer h\u00f6heren Grundplatte befindet, ist f\u00fcr unsere Aufgaben \u00fcberfl\u00fcssig.<\/p>\n<p>An eine bequeme Handhabung werden auch gewisse Anforderungen gestellt. Vorteilhaft sind z.B. runde Stativs\u00e4ulen. Hier sind kleine seitliche Korrekturen der Bildbetrachtung \u00fcber dem Besamungsger\u00e4t m\u00f6glich. Auch kann der optische Kopf bei Bedarf um 180 Grad geschwenkt werden. Damit das Ganze nicht kippt wird der Stativtisch beschwert oder es werden Auslegest\u00fctzen benutzt. Auf diese Weise wird z.B. die Arbeitsh\u00f6he f\u00fcr den Besamer reduziert und es ist mehr Platz unter der Optik vorhanden. Ausschwenkbare Stative bieten besonderen Komfort, sind jedoch wesentlich schwerer und sind nicht so handlich f\u00fcr den Transport. Wichtig ist, das alles gut zueinander pa\u00dft. \u00a0Die Angebote von Stereomikroskopen haben in letzter Zeit stark zugenommen und es f\u00e4llt schon schwer, eine \u00dcbersicht zu bekommen. Nachfolgend werden einige Beispiele aufgef\u00fchrt.<\/p>\n<p>F\u00fcr die Optiken kommen verschiedene Modelle in Betracht. Die hier gezeigten Stereomikroskope sind f\u00fcr die Spermagewinnung wie auch f\u00fcr den Besamungsvorgang\u00a0gut geeignet. Sie haben sich in ihrer Bauweise und Ausstattung bew\u00e4hrt. Inzwischen gibt es noch weitere geeignete Angebote. Die Hersteller greifen inzwischen auf dieselben optischen Komponenten zur\u00fcck. Es werden zwar immer mal \u00c4nderungen vorgenommen und neue Modelle vorgestellt, diese beziehen sich aber vornehmlich auf die Formgestaltung und das Zubeh\u00f6r. Da kein Verschlei\u00df stattfindet, haben die Stereomikroskope praktisch eine unbegrenzte Haltbarkeit.<\/p>\n<p>Was die optische Leistung angeht, so sind die physikalischen und technischen M\u00f6glichkeiten inzwischen weitgehend\u00a0 ausgesch\u00f6pft. <span style=\"text-decoration: underline;\">Die Frage, welches Modell \u00a0f\u00fcr die Besamung von K\u00f6niginnen nun wesentlich besser sei stellt sich daher in den meisten F\u00e4llen nicht. Wichtig ist, da\u00df die Bedienung keine W\u00fcnsche offen l\u00e4\u00dft und gen\u00fcgend Arbeitsraum vorhanden ist.<\/span>\u00a0Sollten Sie Fragen haben, so lassen Sie sich beraten.<\/p>\n<p>Die Abb. 1\u00a0 zeigt ein handliches\u00a0<strong> Zoom-Mikroskop \u00a0<\/strong>im modernen Design. Die Zoomausf\u00fchrung erm\u00f6glichen die kontinuierliche Ver\u00e4nderung der Vergr\u00f6\u00dferung. Die beidseitig am Mikroskopk\u00f6rper angebrachten Drehkn\u00f6pfe befinden sich hinter der Sehfeldmitte \u00a0und behindern nicht den Bewegungsraum f\u00fcr die Spritze.\u00a0<strong> Der Arbeitsabstand dieses Modells betr\u00e4gt 11 cm und bietet Bewegungsfreiheit.<\/strong>\u00a0 Beide Weitfeld-Okulare 10 x 21 (auch f\u00fcr Brillentr\u00e4ger geeignet) sind nachstellbar und es kann auch eine <strong>Strichplatte<\/strong> zum Vermessen eingelegt werden (z.B. mit Winkelteilung zur Bestimmung des Fl\u00fcgel-Cubitalindexes f\u00fcr die K\u00f6rung). Vergr\u00f6\u00dfert wurden hier auch die Objektivlinsen, was den Lichtbedarf herabsetzt.<\/p>\n<p>Der bevorzugte Vergr\u00f6\u00dferungsbereich f\u00fcr die Besamung betr\u00e4gt wie schon gesagt 10 x\u00a0 oder geringf\u00fcgig h\u00f6her. Die flache Arbeitsplatte aus Metallgu\u00df garantiert eine hohe Standfestigkeit (Breite 220 x Tiefe 280 x H\u00f6he 25 mm). Bei Modellen, die keine flache Grundplatte aufweisen, ist das Aufstellen des Besamungsger\u00e4tes und die Anbringung der Beleuchtung meistens etwas schwieriger.<\/p>\n<p>Tiefensch\u00e4rfe, Kontrast und Lichtst\u00e4rke sind hier sehr gut und lassen f\u00fcr die Besamung der Bienenk\u00f6niginnen keine W\u00fcnsche offen. F\u00fcr Foto- und Filmaufnahmen lassen sich z.B. Digitalkameras auf das Okular aufstecken. Gegen Aufpreis werden auch Ausf\u00fchrungen mit einem 3. Ausgang f\u00fcr Kameras angeboten. Solche Ausr\u00fcstungen sind f\u00fcr Demonstrationszwecke sehr n\u00fctzlich.<\/p>\n<p>&nbsp;<\/p>\n<div><img loading=\"lazy\" width=\"329\" height=\"364\" class=\"alignnone wp-image-1710\" title=\"smz-zoom-stereomikroskop\" src=\"https:\/\/www.besamungsgeraet.de\/__dt\/wp-content\/uploads\/smz-zoom-stereomikroskop.jpg\" alt=\"smz-zoom-stereomikroskop\" srcset=\"https:\/\/www.besamungsgeraet.de\/__dt\/wp-content\/uploads\/smz-zoom-stereomikroskop.jpg 329w, https:\/\/www.besamungsgeraet.de\/__dt\/wp-content\/uploads\/smz-zoom-stereomikroskop-271x300.jpg 271w\" sizes=\"(max-width: 329px) 100vw, 329px\" \/><a href=\"https:\/\/www.besamungsgeraet.de\/__dt\/stereomikroskope\/strichplatte\/\" rel=\"attachment wp-att-2940\"><img loading=\"lazy\" class=\"wp-image-2940 alignnone\" src=\"https:\/\/www.besamungsgeraet.de\/__dt\/wp-content\/uploads\/Strichplatte.png\" alt=\"\" width=\"139\" height=\"135\" \/><\/a><\/div>\n<p><strong>Abb. 1: Modell mit flacher Bodenplatte, Vergr\u00f6\u00dferung stufenlos von 7,5 \u2013 45 x<\/strong>.\u00a0 In der flachen Bodenplatte befindet sich eine nachtr\u00e4glich angebrachte Schlitzscheibe zur Aufnahme des Besamungsger\u00e4tes 1.01. Hinten sind beidseitig die zwei zus\u00e4tzlich angebrachten Magnethalteplatten f\u00fcr den CO2-Adapter und die Beleuchtung zu sehen. <strong>Rechtes Bild<\/strong>, die Okulare sind bei diesem Modell bereits f\u00fcr die Einlage von Strichplatten im \u00d8 16 mm vorbereitet. Strichplatten dienen zum Vermessen kleiner Abst\u00e4nde. Abgebildet ist hier eine spezielle Strichplatte f\u00fcr den Cubitalindex von Bienenfl\u00fcgeln (je 5 mm-Schenkel = 50 Teile, 1 Teilstrich 0,1 mm).<\/p>\n<p>Die \u00a0im Handel angebotenen Mikroskope werden zum Teil werkseitig mit LED-Beleuchtungen ausgeliefert. Die \u00fcbliche Farbtemperatur von ca. 6000 Kelvin ist allerdings recht hoch, so da\u00df die br\u00e4unlichen Spermabezirke sich nicht so gut vom wei\u00dflichen Schleim abheben wie bei einer Warmton-Lampe mit nur 3000 Kelvin. Was die Beleuchtungen angeht, so werden von den Herstellern immer wieder neue Varianten angeboten.<\/p>\n<p>&nbsp;<\/p>\n<p><a href=\"https:\/\/www.besamungsgeraet.de\/__dt\/wp-content\/uploads\/xxx7.jpg\" rel=\"lightbox[5]\"><img loading=\"lazy\" class=\"alignnone wp-image-2398\" src=\"https:\/\/www.besamungsgeraet.de\/__dt\/wp-content\/uploads\/xxx7.jpg\" alt=\"xxx\" width=\"322\" height=\"495\" srcset=\"https:\/\/www.besamungsgeraet.de\/__dt\/wp-content\/uploads\/xxx7.jpg 324w, https:\/\/www.besamungsgeraet.de\/__dt\/wp-content\/uploads\/xxx7-195x300.jpg 195w\" sizes=\"(max-width: 322px) 100vw, 322px\" \/><\/a><\/p>\n<p class=\"bildunterschrift\"><strong>Abb. 2: <\/strong><strong>Zoom-Mikroskop <\/strong>(7,5 &#8211; 45 x)\u00a0<strong>mit integrierter Beleuchtung \u00a0und zus\u00e4tzlicher Beleuchtung von unten<\/strong>\u00a0 mit aufgestelltem Instrument 1.01. F\u00fcr die Besamung von Bienenk\u00f6niginnen wird vorzugsweise die 10fache Vergr\u00f6\u00dferung benutzt. Der verf\u00fcgbare Arbeitsraum ist hier schon sehr eingeschr\u00e4nkt. Vorteilhafter sind flache und gr\u00f6\u00dfere Grundplatten.<\/p>\n<p>&nbsp;<\/p>\n<p><a href=\"https:\/\/www.besamungsgeraet.de\/__dt\/stereomikroskope\/eurom-2\/\" rel=\"attachment wp-att-2698\"><img loading=\"lazy\" class=\"alignnone wp-image-2698\" src=\"https:\/\/www.besamungsgeraet.de\/__dt\/wp-content\/uploads\/Eurom-2.jpg\" alt=\"Eurom 2\" width=\"431\" height=\"287\" srcset=\"https:\/\/www.besamungsgeraet.de\/__dt\/wp-content\/uploads\/Eurom-2.jpg 1200w, https:\/\/www.besamungsgeraet.de\/__dt\/wp-content\/uploads\/Eurom-2-300x200.jpg 300w, https:\/\/www.besamungsgeraet.de\/__dt\/wp-content\/uploads\/Eurom-2-768x511.jpg 768w, https:\/\/www.besamungsgeraet.de\/__dt\/wp-content\/uploads\/Eurom-2-1024x681.jpg 1024w\" sizes=\"(max-width: 431px) 100vw, 431px\" \/><\/a><\/p>\n<p><strong>Abb. 3: Mikroskop<\/strong>\u00a0wie zuvor mit integrierter LED-Beleuchtung (Auflicht und Unterflurlicht).\u00a0 Dieses Modell wurde auch f\u00fcr das Komplettger\u00e4t verwendet und zus\u00e4tzlich mit einer Konsolenplatte f\u00fcr den Schwebekugeln-CO2-Adapter und das speziell abgestimmte LED-Licht ausger\u00fcstet, da die gew\u00f6lbte Grundplatte hierzu hinderlich ist.\u00a0 <strong>Die spezielle Punktleuchte ist f\u00fcr die Spermagewinnung \u00a0in den meisten F\u00e4llen besser geeignet als eine am Mikroskop mitgelieferte Anbaulampe mit h\u00f6heren Blauanteilen im Licht. <\/strong>Mit zus\u00e4tzlichen Okularen l\u00e4\u00dft sich das Vergr\u00f6\u00dferungsangebot erweitern, z.B. mit dem Okularpaar 15 x (Endvergr\u00f6\u00dferung 15 x und 45 x). Wenn sich bei einigen Modellen Vorsatzlinsen 0,70 x am Objektiv anschrauben lassen, dann kann der Arbeitsabstand \u00a0erh\u00f6ht werden (z.B. von 100 mm auf 120 mm) .<\/p>\n<p>&nbsp;<\/p>\n<p><a href=\"https:\/\/www.besamungsgeraet.de\/__dt\/stereomikroskope\/bildschirmfoto-2016-03-30-um-10-28-09-2\/\" rel=\"attachment wp-att-2679\"><img loading=\"lazy\" class=\"alignnone wp-image-2679\" src=\"https:\/\/www.besamungsgeraet.de\/__dt\/wp-content\/uploads\/Bildschirmfoto-2016-03-30-um-10.28.09-2.jpg\" alt=\"Bildschirmfoto 2016-03-30 um 10.28.09 2\" width=\"325\" height=\"324\" srcset=\"https:\/\/www.besamungsgeraet.de\/__dt\/wp-content\/uploads\/Bildschirmfoto-2016-03-30-um-10.28.09-2.jpg 1200w, https:\/\/www.besamungsgeraet.de\/__dt\/wp-content\/uploads\/Bildschirmfoto-2016-03-30-um-10.28.09-2-150x150.jpg 150w, https:\/\/www.besamungsgeraet.de\/__dt\/wp-content\/uploads\/Bildschirmfoto-2016-03-30-um-10.28.09-2-300x300.jpg 300w, https:\/\/www.besamungsgeraet.de\/__dt\/wp-content\/uploads\/Bildschirmfoto-2016-03-30-um-10.28.09-2-768x765.jpg 768w, https:\/\/www.besamungsgeraet.de\/__dt\/wp-content\/uploads\/Bildschirmfoto-2016-03-30-um-10.28.09-2-1024x1020.jpg 1024w\" sizes=\"(max-width: 325px) 100vw, 325px\" \/><\/a><\/p>\n<p><strong>Abb. 4: Mikroskop mit angebauten\u00a0<\/strong>\u00a0schwenkbaren Auslegern. Der Kopfhalter wird an der Runds\u00e4ule um 180 Grad gedreht. Damit wird eine Verringerung der Einblickh\u00f6he bis zu 40 mm erreicht und es steht mehr Platz zur Verf\u00fcgung. Diese Vorgehensweise ist im Prinzip f\u00fcr alle Stereomikroskope m\u00f6glich, die \u00fcber eine runde Stativs\u00e4ule verf\u00fcgen.<\/p>\n<p>Beachtung verdienen Stative mit Schwenkarmen. Sie sind universell einsatzf\u00e4hig und bieten alle m\u00f6glichen Einstellungen einschlie\u00dflich der Neigungs\u00e4nderung.<\/p>\n<p><a href=\"https:\/\/www.besamungsgeraet.de\/__dt\/stereomikroskope\/a-kopie\/\" rel=\"attachment wp-att-2759\"><img loading=\"lazy\" class=\"alignnone wp-image-2759\" src=\"https:\/\/www.besamungsgeraet.de\/__dt\/wp-content\/uploads\/a-Kopie.jpg\" alt=\"a Kopie\" width=\"324\" height=\"267\" srcset=\"https:\/\/www.besamungsgeraet.de\/__dt\/wp-content\/uploads\/a-Kopie.jpg 1070w, https:\/\/www.besamungsgeraet.de\/__dt\/wp-content\/uploads\/a-Kopie-300x247.jpg 300w, https:\/\/www.besamungsgeraet.de\/__dt\/wp-content\/uploads\/a-Kopie-768x632.jpg 768w, https:\/\/www.besamungsgeraet.de\/__dt\/wp-content\/uploads\/a-Kopie-1024x843.jpg 1024w\" sizes=\"(max-width: 324px) 100vw, 324px\" \/><\/a><\/p>\n<p><strong>Abb. 5:<\/strong> <strong>Stativ mit Schwenkarm bietet weitere M\u00f6glichkeiten.<\/strong><\/p>\n<p>Neuerdings werden auch flachere und gr\u00f6\u00dfere Grundplatten angeboten (z.B. 37 x 26 x 2 cm). Wenn m\u00f6glich, so sind diese Ausf\u00fchrungen zu bevorzugen.<\/p>\n<p>Die Besamungsger\u00e4te k\u00f6nnen sowohl auf der Stativplatte als auch davor auf dem Tisch aufgestellt werden. Auf diese Weise k\u00f6nnen auch ganze Bienenwaben betrachtet werden. Der optische Kopf besitzt die Zoom-Funktion. \u00a0<strong><br \/>\n<\/strong><\/p>\n<p>Aufgrund der langen Stativs\u00e4ule von 38 cm kann auch die Herstellung der Besamungskan\u00fclen am Ausziehger\u00e4t f\u00fcr Besamungskan\u00fclen beobachtet und kontrolliert werden.\u00a0 S\u00e4mtliche Stativteile sind mit wenigen Handgriffen abbaubar, so da\u00df die sp\u00e4tere Aufbewahrung in Regalen oder Schr\u00e4nken nicht hinderlich ist. Die Haupts\u00e4ule besitzt ein Gewinde und kann abgenommen werden. Mit 15 kg Gewicht ist diese Ausr\u00fcstung allerdings recht schwer und verlangt einen festen Standort.<\/p>\n<p><a href=\"https:\/\/www.besamungsgeraet.de\/__dt\/stereomikroskope\/b-kopie\/\" rel=\"attachment wp-att-2760\"><img loading=\"lazy\" class=\"alignnone wp-image-2760\" src=\"https:\/\/www.besamungsgeraet.de\/__dt\/wp-content\/uploads\/b-Kopie.jpg\" alt=\"b Kopie\" width=\"448\" height=\"333\" srcset=\"https:\/\/www.besamungsgeraet.de\/__dt\/wp-content\/uploads\/b-Kopie.jpg 1200w, https:\/\/www.besamungsgeraet.de\/__dt\/wp-content\/uploads\/b-Kopie-300x223.jpg 300w, https:\/\/www.besamungsgeraet.de\/__dt\/wp-content\/uploads\/b-Kopie-768x571.jpg 768w, https:\/\/www.besamungsgeraet.de\/__dt\/wp-content\/uploads\/b-Kopie-1024x761.jpg 1024w\" sizes=\"(max-width: 448px) 100vw, 448px\" \/><\/a><\/p>\n<p><strong>Abb. 6:<\/strong> <strong>Der Schwenkarm l\u00e4\u00dft sich schnell abbauen.<\/strong><\/p>\n<p>Angeboten werden auch flachere Grundplatten mit gr\u00f6\u00dferen Abmessungen. Das bietet Vorteile.<\/p>\n<p>Der schwenkbare Ausl\u00e4ufer bietet \u00fcbrigens auch die M\u00f6glichkeit, das Besamungsger\u00e4t um 90 Grad zu drehen, so da\u00df frontal gearbeitet werden kann. Der Besamer nimmt dann praktisch die Position des Drohns ein und \u00a0blickt in Richtung K\u00f6nigin und nicht quer zu dieser wie sonst \u00fcblich. Diese Vorgehensweise ist in Betracht zu ziehen, wenn extreme Linksh\u00e4ndigkeit vorliegt und die rechte Hand Behinderungen aufweist (linksseitig kann \u00fcbrigens auch ohne Schwenkarm besamt werden, wenn das Besamungsger\u00e4t um 18o Grad gedreht wird und der Spritzenhalter sich auf der linken Seite befindet. Das ist entgegen der \u00fcblichen Praxis durchaus m\u00f6glich).<\/p>\n<p>Sehr interessant ist ein\u00a0<strong>Diskussionsmikroskop<\/strong>. Lehrer und Sch\u00fcler k\u00f6nnen optimal miteinander kommunizieren.\u00a0Dieses Ger\u00e4t ist deshalb optimal, weil der Stereoeffekt auch f\u00fcr den Nebenmann erhalten bleibt. Dieser Vorteil geht \u00fcbrigens verloren, wenn sich der Besamer mittels Kamera\u00fcbertragung direkt am Computerbildschirm oder der Projektionswand orientieren w\u00fcrde. Hier ist kein r\u00e4umliches Sehen m\u00f6glich.<\/p>\n<p>Der Objektivwechsler erlaubt Vergr\u00f6\u00dferungen in den Abstufungen 6 x, 10 x, 16 x, 25 x und 40 x. Diesen Typ gibt es auch in Zoomausf\u00fchrung. Der einblendbare Lichtpfeil unterst\u00fctzt die Verst\u00e4ndigung zwischen Lehrer und Sch\u00fcler. Das hohe Gewicht von \u00fcber 50 kg garantiert absolute Standfestigkeit. Es ist aber m\u00f6glich, anstelle der schweren Platte leichtere Standplatten in Leichtbauweise und eine S\u00e4ule im Durchmesser von 50 mm aus Aluminiumrohr zu verwenden (siehe Sonderanfertigung Abb. 8), um dadurch das Gewicht wesentlich zu reduzieren und die Ger\u00e4tschaft transportf\u00e4hig zu machen. Zus\u00e4tzlich wurde bei dem nachstehend gezeigten Unikat ein Sicherungsb\u00fcgel am Magnethalter angebracht (Abb. 9).<\/p>\n<div><img src=\"https:\/\/www.besamungsgeraet.de\/UserFiles\/Image\/_deutsch\/diskussionsmikroskop.jpg\" alt=\"Diskussionsmikroskop\" \/><\/div>\n<p class=\"bildunterschrift\"><strong>Abb. 7: Diskussionsmikroskop mit schwerer Gussplatte<br \/>\n<\/strong><\/p>\n<p class=\"bildunterschrift\"><strong><a href=\"https:\/\/www.besamungsgeraet.de\/__dt\/wp-content\/uploads\/11.jpg\" rel=\"lightbox[5]\"><img loading=\"lazy\" class=\"alignnone size-medium wp-image-300\" title=\"1\" src=\"https:\/\/www.besamungsgeraet.de\/__dt\/wp-content\/uploads\/11-300x225.jpg\" alt=\"\" width=\"300\" height=\"225\" srcset=\"https:\/\/www.besamungsgeraet.de\/__dt\/wp-content\/uploads\/11-300x225.jpg 300w, https:\/\/www.besamungsgeraet.de\/__dt\/wp-content\/uploads\/11.jpg 640w\" sizes=\"(max-width: 300px) 100vw, 300px\" \/><\/a><br \/>\n<\/strong><\/p>\n<p class=\"bildunterschrift\"><strong>Abb. 8: Stativplatte in Leichtbauweise und Alus\u00e4ule f\u00fcr bequemen Transport<br \/>\n<\/strong><\/p>\n<p class=\"bildunterschrift\"><strong><a href=\"https:\/\/www.besamungsgeraet.de\/__dt\/wp-content\/uploads\/3.jpg\" rel=\"lightbox[5]\"><img loading=\"lazy\" class=\"alignnone size-medium wp-image-301\" title=\"3\" src=\"https:\/\/www.besamungsgeraet.de\/__dt\/wp-content\/uploads\/3-300x225.jpg\" alt=\"\" width=\"300\" height=\"225\" srcset=\"https:\/\/www.besamungsgeraet.de\/__dt\/wp-content\/uploads\/3-300x225.jpg 300w, https:\/\/www.besamungsgeraet.de\/__dt\/wp-content\/uploads\/3.jpg 640w\" sizes=\"(max-width: 300px) 100vw, 300px\" \/><\/a><\/strong><\/p>\n<p class=\"bildunterschrift\"><strong>Abb. 9: Verr\u00fcckbarer Magnetfu\u00df mit \u00a0Sicherungsb\u00fcgel <\/strong><strong><br \/>\n<\/strong><\/p>\n<p>&nbsp;<\/p>\n<h3>Mikroskop einstellen<\/h3>\n<p>Vom Anf\u00e4nger werden bei der Einstellung der Optiken oft Fehler gemacht. Die Vorgehensweise ist folgende: Die Okulare befinden sich in gleicher H\u00f6he bzw. in Nullstellung. Zuerst eine Grobeinstellung in der H\u00f6he vornehmen und den Blick auf eine ausgesuchte Stelle ausrichten, z.B. den oberen Rand des K\u00f6niginnenr\u00f6hrchens anpeilen.<\/p>\n<p>Dann ist der Abstand der beiden Okulare voneinander auf\u00a0 den pers\u00f6nlichen Augenabstand zu kontrollieren. Zuletzt werden die Okulare fein justiert. Falls ein Okular keine Einstellm\u00f6glichkeit haben sollte, wird mit diesem begonnen und der Mikroskopk\u00f6rper wird noch einmal ein wenig bewegt und die Bildsch\u00e4rfe an diesem Okular an der zuvor schon ausgesuchten Stelle \u00fcberpr\u00fcft. Dann erfolgt am anderen Okular die feine Einstellung, ausgehend von der Null-Markierung am Okular.<\/p>\n<p>Beide Augen m\u00fcssen gleich gut sehen k\u00f6nnen. Sp\u00e4ter wird an den Okularen nichts mehr verstellt! Um Verstellungen aus Versehen zu vermeiden, kann mit einem Tesastreifen die gefundene optimale Einstellung fixiert werden. Danach wird nur noch die H\u00f6henverstellung an der Stativs\u00e4ule bedient.<\/p>\n<p>Aus den obigen Ausf\u00fchrungen geht hervor, da\u00df es mehrere Alternativen gibt. Alle gezeigten Mikroskope sind f\u00fcr die instrumentelle Besamung gut geeignet. Inzwischen werden von den Herstellern schon wieder neue Modelle angeboten.<\/p>\n<p>Stereomikroskope werden heute in der Elektronik und Feinwerktechnik zur Qualit\u00e4tskontrolle eingesetzt. Das f\u00fchrte\u00a0auf dem Weltmarkt zu einem gr\u00f6\u00dferen Angebot.<\/p>\n<p>&nbsp;<\/p>\n","protected":false},"excerpt":{"rendered":"<p>f\u00fcr die Besamung von Bienenk\u00f6niginnen Stereomikroskope weisen f\u00fcr jedes Auge voneinander getrennte Strahleng\u00e4nge auf, so da\u00df r\u00e4umliches Sehen m\u00f6glich ist. Das bedeutet eine bessere Tiefenwahrnehmung und erleichtert die r\u00e4umliche Einordnung.\u00a0 Eine Kontrolle der Bewegungsabl\u00e4ufe an einem Flachbildschirm mit Hilfe einer Kamera ist zwar m\u00f6glich, kommt aber bei weitem nicht an die Qualit\u00e4t der direkten Stereomikroskopbetrachtung [&hellip;]<\/p>\n","protected":false},"author":3,"featured_media":0,"parent":0,"menu_order":2,"comment_status":"open","ping_status":"closed","template":"","meta":[],"_links":{"self":[{"href":"https:\/\/www.besamungsgeraet.de\/__dt\/wp-json\/wp\/v2\/pages\/5"}],"collection":[{"href":"https:\/\/www.besamungsgeraet.de\/__dt\/wp-json\/wp\/v2\/pages"}],"about":[{"href":"https:\/\/www.besamungsgeraet.de\/__dt\/wp-json\/wp\/v2\/types\/page"}],"author":[{"embeddable":true,"href":"https:\/\/www.besamungsgeraet.de\/__dt\/wp-json\/wp\/v2\/users\/3"}],"replies":[{"embeddable":true,"href":"https:\/\/www.besamungsgeraet.de\/__dt\/wp-json\/wp\/v2\/comments?post=5"}],"version-history":[{"count":265,"href":"https:\/\/www.besamungsgeraet.de\/__dt\/wp-json\/wp\/v2\/pages\/5\/revisions"}],"predecessor-version":[{"id":3457,"href":"https:\/\/www.besamungsgeraet.de\/__dt\/wp-json\/wp\/v2\/pages\/5\/revisions\/3457"}],"wp:attachment":[{"href":"https:\/\/www.besamungsgeraet.de\/__dt\/wp-json\/wp\/v2\/media?parent=5"}],"curies":[{"name":"wp","href":"https:\/\/api.w.org\/{rel}","templated":true}]}}