{"id":3156,"date":"2018-05-22T17:09:30","date_gmt":"2018-05-22T15:09:30","guid":{"rendered":"http:\/\/www.besamungsgeraet.de\/__dt\/?page_id=3156"},"modified":"2024-10-28T18:58:32","modified_gmt":"2024-10-28T16:58:32","slug":"datenschutz","status":"publish","type":"page","link":"https:\/\/www.besamungsgeraet.de\/__dt\/datenschutz\/","title":{"rendered":"Datenschutz"},"content":{"rendered":"<h3>Datenschutzerkl\u00e4rung<\/h3>\n<p><em>(Nach neuen Richtlinien ist eine solche zwingend vorgeschrieben)<\/em><\/p>\n<p>Allgemeine Hinweise<\/p>\n<p>Die folgenden Hinweise geben einen \u00dcberblick dar\u00fcber, was mit Ihren personenbezogenen Daten passiert, wenn Sie vorliegende Webseite besuchen. Personenbezogene Daten sind alle Daten, mit denen Sie pers\u00f6nlich identifiziert werden k\u00f6nnen. Ausf\u00fchrliche Informationen zum Thema Datenschutz entnehmen Sie bitte dem nachfolgenden Text.<\/p>\n<p><strong>Wer ist verantwortlich f\u00fcr die Datenerfassung auf dieser Webseite?<\/strong><\/p>\n<p>Die Datenverarbeitung auf dieser Webseite erfolgt durch den Webseitenbetreiber. Dessen Kontaktdaten k\u00f6nnen Sie dem Impressum dieser Webseite entnehmen.<\/p>\n<p><strong>Wie werden Ihre Daten erfa\u00dft?<\/strong><\/p>\n<p>Ihre Daten werden zum einen dadurch erhoben, dass Sie diese mitteilen. Hierbei kann es sich z.B. um Daten handeln, die Sie in ein Kontaktformular eingeben. Andere Daten werden automatisch beim Besuch der Webseite durch IT-Systeme erfasst. Das sind vor allem technische Daten (z.B. Internetbrowser, Betriebssystem oder Uhrzeit des Seitenaufrufs). Die Erfassung dieser Daten erfolgt automatisch sobald Sie die Webseite betreten.<\/p>\n<p><strong>Wof\u00fcr werden Ihre Daten genutzt?<\/strong><\/p>\n<p>Ein Teil der Daten wird erhoben, um eine fehlerfreie Bereitstellung der Webseite zu gew\u00e4hrleisten. Andere Daten k\u00f6nnen zur Analyse Ihres Nutzerverhaltens verwendet werden.<\/p>\n<p><strong>Welche Rechte haben Sie bez\u00fcglich Ihrer Daten?<\/strong><\/p>\n<p>Sie haben jederzeit das Recht unentgeltlich Auskunft \u00fcber Herkunft, Empf\u00e4nger und Zweck Ihrer gespeicherten personenbezogenen Daten zu erhalten. Sie haben au\u00dferdem ein Recht, die Berichtigung, Sperrung oder L\u00f6schung dieser Daten zu verlangen. Hierzu sowie zu weiteren Fragen zum Thema Datenschutz k\u00f6nnen Sie sich jederzeit an die im Impressum angegebene Adresse wenden. Des Weiteren steht Ihnen ein Beschwerderecht bei der zust\u00e4ndigen Aufsichtsbeh\u00f6rde zu.<\/p>\n<p>Analyse-Tools und Tools von Drittanbietern<\/p>\n<p>Beim Besuch vorliegender Webseite kann Ihr Surf-Verhalten statistisch ausgewertet werden. Das geschieht vor allem mit Cookies und mit sogenannten Analyseprogrammen. Die Analyse Ihres Surf-Verhaltens erfolgt in der Regel anonym; das Surf-Verhalten kann nicht zu Ihnen zur\u00fcckverfolgt werden. Sie k\u00f6nnen dieser Analyse widersprechen oder sie durch die Nichtbenutzung bestimmter Tools verhindern.<\/p>\n<p>Der Betreiber dieser Seite nimmt den Schutz Ihrer pers\u00f6nlichen Daten sehr ernst. Ihre personenbezogenen Daten werden vertraulich behandelt und entsprechen dieser Datenschutzerkl\u00e4rung sowie den gesetzlichen Vorschriften.<\/p>\n<p>Darauf hinzuweisen ist, dass die Daten\u00fcbertragung im Internet (z.B. bei der Kommunikation per E-Mail) Sicherheitsl\u00fccken aufweisen kann. Ein l\u00fcckenloser Schutz der Daten vor dem Zugriff durch Dritte ist nicht m\u00f6glich.<\/p>\n<p>Die verantwortliche Stelle f\u00fcr die Datenverarbeitung auf dieser Webseite ist:<\/p>\n<p>A&amp;G Wachholz GbR<br \/>\nLauenburger Str. 22<br \/>\n32339 Espelkamp<\/p>\n<p>Vert<\/p>\n","protected":false},"excerpt":{"rendered":"<p>Datenschutzerkl\u00e4rung (Nach neuen Richtlinien ist eine solche zwingend vorgeschrieben) Allgemeine Hinweise Die folgenden Hinweise geben einen \u00dcberblick dar\u00fcber, was mit Ihren personenbezogenen Daten passiert, wenn Sie vorliegende Webseite besuchen. Personenbezogene Daten sind alle Daten, mit denen Sie pers\u00f6nlich identifiziert werden k\u00f6nnen. Ausf\u00fchrliche Informationen zum Thema Datenschutz entnehmen Sie bitte dem nachfolgenden Text. Wer ist verantwortlich [&hellip;]<\/p>\n","protected":false},"author":3,"featured_media":0,"parent":0,"menu_order":8,"comment_status":"closed","ping_status":"closed","template":"","meta":[],"_links":{"self":[{"href":"https:\/\/www.besamungsgeraet.de\/__dt\/wp-json\/wp\/v2\/pages\/3156"}],"collection":[{"href":"https:\/\/www.besamungsgeraet.de\/__dt\/wp-json\/wp\/v2\/pages"}],"about":[{"href":"https:\/\/www.besamungsgeraet.de\/__dt\/wp-json\/wp\/v2\/types\/page"}],"author":[{"embeddable":true,"href":"https:\/\/www.besamungsgeraet.de\/__dt\/wp-json\/wp\/v2\/users\/3"}],"replies":[{"embeddable":true,"href":"https:\/\/www.besamungsgeraet.de\/__dt\/wp-json\/wp\/v2\/comments?post=3156"}],"version-history":[{"count":15,"href":"https:\/\/www.besamungsgeraet.de\/__dt\/wp-json\/wp\/v2\/pages\/3156\/revisions"}],"predecessor-version":[{"id":3553,"href":"https:\/\/www.besamungsgeraet.de\/__dt\/wp-json\/wp\/v2\/pages\/3156\/revisions\/3553"}],"wp:attachment":[{"href":"https:\/\/www.besamungsgeraet.de\/__dt\/wp-json\/wp\/v2\/media?parent=3156"}],"curies":[{"name":"wp","href":"https:\/\/api.w.org\/{rel}","templated":true}]}}