{"id":15,"date":"2007-01-19T15:26:57","date_gmt":"2007-01-19T14:26:57","guid":{"rendered":"http:\/\/www.besamungsgeraet.de\/__dt\/allgemeines-zu-infos\/"},"modified":"2025-02-27T18:36:26","modified_gmt":"2025-02-27T16:36:26","slug":"weitergehende-infos-und-anleitungen","status":"publish","type":"page","link":"https:\/\/www.besamungsgeraet.de\/__dt\/weitergehende-infos-und-anleitungen\/","title":{"rendered":"Weiterf\u00fchrende Infos und Anleitungen"},"content":{"rendered":"<p>Die vorliegende Internetpr\u00e4sentation ist im Laufe der Zeit immer umfangreicher geworden.\u00a0 Damit die \u00dcbersichtlichkeit nicht verloren geht, wurden nach und nach mehrere Themen gesondert behandelt. Nachstehend finden Sie einige PDF-Dateien zum Herunterladen. Sie dienen der zus\u00e4tzlichen Information.<\/p>\n<p>Bei den unter Punkt 4 aufgef\u00fchrten Literaturstellen\u00a0 handelt sich um eine Auswahl, die w\u00e4hrend meiner damaligen T\u00e4tigkeit im Zentrum f\u00fcr kontinentale Agrar- und Wirtschaftsforschung (Sektion Tierzucht) an der Universit\u00e4t Gie\u00dfen zusammengestellt wurde. Die Besch\u00e4ftigung mit der Technik der instrumentellen Besamung und die praktische Bienenhaltung geh\u00f6rten \u00fcbrigens nicht zu meinem eigentlichen Arbeitsgebiet.<\/p>\n<p>Inzwischen sind schon einige Dateien der nachfolgenden Auflistung nicht mehr auf dem neuesten Stand, einiges ist im Laufe der Jahre ge\u00e4ndert worden, behalten aber trotzdem ihren Informationswert und wurden deshalb nicht herausgenommen. F\u00fcr Fotoausr\u00fcstungen und die Bildverarbeitung gibt es st\u00e4ndig neue Angebote. Das gilt z.B. auch f\u00fcr diverse\u00a0Vorsatz-Objektive mit Haltevorrichtungen f\u00fcr Smartphone, iPhone, iPad sowie f\u00fcr\u00a0Strichplatten-Okulare u.a.<\/p>\n<p><em>Falls Sie besondere Fragen haben so rufen Sie bitte die nachfolgende angef\u00fchrte Webseite auf. Hier k\u00f6nnen Sie sich auch \u00fcber n\u00fctzliche Hinweise, z\u00fcchterische Gesichtspunkte und Aktuelles zus\u00e4tzlich informieren, siehe:<\/em><\/p>\n<h3><a href=\"http:\/\/www.instrumentelle-besamung.de\">www.instrumentelle-besamung.de<\/a><\/h3>\n<p>&nbsp;<\/p>\n<table border=\"0\" width=\"400\" cellspacing=\"6\" cellpadding=\"0\">\n<tbody>\n<tr>\n<td><a href=\"https:\/\/www.besamungsgeraet.de\/__dt\/_pdf\/1-Checkliste.pdf\" target=\"_blank\" rel=\"noopener noreferrer\"><img src=\"https:\/\/www.besamungsgeraet.de\/UserFiles\/Image\/_deutsch\/pdf.gif\" alt=\"\" border=\"0\" \/><\/a> <strong>Scheckliste:<\/strong> Alles vorhanden?<\/td>\n<\/tr>\n<tr>\n<td><a href=\"https:\/\/www.besamungsgeraet.de\/__dt\/_pdf\/2-System-HARBO.pdf\" target=\"_blank\" rel=\"noopener noreferrer\"><img src=\"https:\/\/www.besamungsgeraet.de\/UserFiles\/Image\/_deutsch\/pdf.gif\" alt=\"\" border=\"0\" \/><\/a> <strong>HARBO-Spritze:<\/strong> modifiziert nach Schley<\/td>\n<\/tr>\n<tr>\n<td><a href=\"https:\/\/www.besamungsgeraet.de\/__dt\/_pdf\/5_schley_spritze.pdf\" target=\"_blank\" rel=\"noopener noreferrer\"><img src=\"https:\/\/www.besamungsgeraet.de\/UserFiles\/Image\/_deutsch\/pdf.gif\" alt=\"\" border=\"0\" \/><\/a> <strong>SCHLEY-Spritze:\u00a0<\/strong>Bedienung Schley- Besamungsspritze<\/td>\n<\/tr>\n<tr>\n<td><a href=\"https:\/\/www.besamungsgeraet.de\/__dt\/_pdf\/10-flugrahmen.pdf\" target=\"_blank\" rel=\"noopener noreferrer\"><img src=\"https:\/\/www.besamungsgeraet.de\/UserFiles\/Image\/_deutsch\/pdf.gif\" alt=\"\" border=\"0\" \/><\/a> <strong>Flugrahmen<\/strong>\u00a0f\u00fcr die Fensterscheibe<\/td>\n<\/tr>\n<tr>\n<td><a href=\"https:\/\/www.besamungsgeraet.de\/__dt\/_pdf\/14_reinigung_und_desinfektion.pdf\" target=\"_blank\" rel=\"noopener noreferrer\"><img src=\"https:\/\/www.besamungsgeraet.de\/UserFiles\/Image\/_deutsch\/pdf.gif\" alt=\"\" border=\"0\" \/><\/a> <strong>Reinigung und Desinfektion<\/strong><\/td>\n<\/tr>\n<tr>\n<td><a href=\"https:\/\/www.besamungsgeraet.de\/__dt\/_pdf\/15_brutbox_selbst_gebaut.pdf\" target=\"_blank\" rel=\"noopener noreferrer\"><img src=\"https:\/\/www.besamungsgeraet.de\/UserFiles\/Image\/_deutsch\/pdf.gif\" alt=\"\" border=\"0\" \/><\/a> <strong>Brutbox selbst gebaut<\/strong><\/td>\n<\/tr>\n<tr>\n<td><a href=\"https:\/\/www.besamungsgeraet.de\/__dt\/_pdf\/16_lindquist_kaefig.pdf\" target=\"_blank\" rel=\"noopener noreferrer\"><img src=\"https:\/\/www.besamungsgeraet.de\/UserFiles\/Image\/_deutsch\/pdf.gif\" alt=\"\" border=\"0\" \/><\/a> <strong>Versandk\u00e4fig<\/strong>\u00a0f\u00fcr die instrumentelle Besamung<\/td>\n<\/tr>\n<tr>\n<td><a href=\"https:\/\/www.besamungsgeraet.de\/__dt\/_pdf\/21-instrukt.pdf\" target=\"_blank\" rel=\"noopener noreferrer\"><img src=\"https:\/\/www.besamungsgeraet.de\/UserFiles\/Image\/_deutsch\/pdf.gif\" alt=\"\" border=\"0\" \/><\/a> <strong>Instruktionen<\/strong>\u00a0f\u00fcr Besamungsger\u00e4te 1.02 &#8211; 1.04<\/td>\n<\/tr>\n<tr>\n<td><a href=\"https:\/\/www.besamungsgeraet.de\/__dt\/_pdf\/20_koenigin_zusetzen.pdf\" target=\"_blank\" rel=\"noopener noreferrer\"><img src=\"https:\/\/www.besamungsgeraet.de\/UserFiles\/Image\/_deutsch\/pdf.gif\" alt=\"\" border=\"0\" \/><\/a> <strong>Besamte K\u00f6nigin umsetzen<\/strong><\/td>\n<\/tr>\n<tr>\n<td><a href=\"https:\/\/www.besamungsgeraet.de\/__dt\/_pdf\/25_Le_Claire_Einweiseln.pdf\" target=\"_blank\" rel=\"noopener noreferrer\"><img src=\"https:\/\/www.besamungsgeraet.de\/UserFiles\/Image\/_deutsch\/pdf.gif\" alt=\"\" border=\"0\" \/><\/a> <strong>Le Claire: Zusetzen von K\u00f6niginnen<\/strong><\/td>\n<\/tr>\n<tr>\n<td><a href=\"https:\/\/www.besamungsgeraet.de\/__dt\/_pdf\/27_Winkler_Drohnenaufzucht_Merkblatt.pdf\" target=\"_blank\" rel=\"noopener noreferrer\"><img src=\"https:\/\/www.besamungsgeraet.de\/UserFiles\/Image\/_deutsch\/pdf.gif\" alt=\"\" border=\"0\" \/><\/a> <strong>Drohnenaufzucht_Merkblatt_Winkler<\/strong><\/td>\n<\/tr>\n<tr>\n<td><a href=\"https:\/\/www.besamungsgeraet.de\/__dt\/_pdf\/31_Drohnensperma_konservieren.pdf\" target=\"_blank\" rel=\"noopener noreferrer\"><img src=\"https:\/\/www.besamungsgeraet.de\/UserFiles\/Image\/_deutsch\/pdf.gif\" alt=\"\" border=\"0\" \/><\/a> <strong>Drohnensperma konservieren<\/strong><\/td>\n<\/tr>\n<tr>\n<td><\/td>\n<\/tr>\n<tr>\n<td><\/td>\n<\/tr>\n<tr>\n<td><\/td>\n<\/tr>\n<tr>\n<td><\/td>\n<\/tr>\n<tr>\n<td><\/td>\n<\/tr>\n<tr>\n<td><\/td>\n<\/tr>\n<tr>\n<td><\/td>\n<\/tr>\n<tr>\n<td><\/td>\n<\/tr>\n<tr>\n<td><\/td>\n<\/tr>\n<tr>\n<td><\/td>\n<\/tr>\n<tr>\n<td><\/td>\n<\/tr>\n<tr>\n<td><\/td>\n<\/tr>\n<tr>\n<td><\/td>\n<\/tr>\n<tr>\n<td><\/td>\n<\/tr>\n<tr>\n<td><\/td>\n<\/tr>\n<tr>\n<td><\/td>\n<\/tr>\n<\/tbody>\n<\/table>\n","protected":false},"excerpt":{"rendered":"<p>Die vorliegende Internetpr\u00e4sentation ist im Laufe der Zeit immer umfangreicher geworden.\u00a0 Damit die \u00dcbersichtlichkeit nicht verloren geht, wurden nach und nach mehrere Themen gesondert behandelt. Nachstehend finden Sie einige PDF-Dateien zum Herunterladen. Sie dienen der zus\u00e4tzlichen Information. Bei den unter Punkt 4 aufgef\u00fchrten Literaturstellen\u00a0 handelt sich um eine Auswahl, die w\u00e4hrend meiner damaligen T\u00e4tigkeit im [&hellip;]<\/p>\n","protected":false},"author":3,"featured_media":0,"parent":0,"menu_order":6,"comment_status":"open","ping_status":"closed","template":"","meta":[],"_links":{"self":[{"href":"https:\/\/www.besamungsgeraet.de\/__dt\/wp-json\/wp\/v2\/pages\/15"}],"collection":[{"href":"https:\/\/www.besamungsgeraet.de\/__dt\/wp-json\/wp\/v2\/pages"}],"about":[{"href":"https:\/\/www.besamungsgeraet.de\/__dt\/wp-json\/wp\/v2\/types\/page"}],"author":[{"embeddable":true,"href":"https:\/\/www.besamungsgeraet.de\/__dt\/wp-json\/wp\/v2\/users\/3"}],"replies":[{"embeddable":true,"href":"https:\/\/www.besamungsgeraet.de\/__dt\/wp-json\/wp\/v2\/comments?post=15"}],"version-history":[{"count":185,"href":"https:\/\/www.besamungsgeraet.de\/__dt\/wp-json\/wp\/v2\/pages\/15\/revisions"}],"predecessor-version":[{"id":3560,"href":"https:\/\/www.besamungsgeraet.de\/__dt\/wp-json\/wp\/v2\/pages\/15\/revisions\/3560"}],"wp:attachment":[{"href":"https:\/\/www.besamungsgeraet.de\/__dt\/wp-json\/wp\/v2\/media?parent=15"}],"curies":[{"name":"wp","href":"https:\/\/api.w.org\/{rel}","templated":true}]}}