{"id":10,"date":"2007-01-18T18:01:30","date_gmt":"2007-01-18T17:01:30","guid":{"rendered":"http:\/\/www.besamungsgeraet.de\/__dt\/besamungsgeraete-fuer-bienenkoeniginnen\/"},"modified":"2022-06-16T09:37:09","modified_gmt":"2022-06-16T07:37:09","slug":"besamungsgeraete","status":"publish","type":"page","link":"https:\/\/www.besamungsgeraet.de\/__dt\/besamungsgeraete\/","title":{"rendered":"Besamungsger\u00e4te"},"content":{"rendered":"<h2>f\u00fcr Bienenk\u00f6niginnen<\/h2>\n<p>Das Besamungsger\u00e4t ist ein Mikromanipulator, der die K\u00f6nigin fixiert und das Einf\u00fchren der Besamungskan\u00fcle in die Geschlechtswege erlaubt. Auf dem Markt werden verschiedene Systeme angeboten. Darunter befinden sich auch solche, die freih\u00e4ndiges Arbeiten voraussetzen. Im englisch besprochenem Video von Susan Cobey werden an der Stelle 1.10 min verschiedene Konstruktionen gezeigt: <a href=\"http:\/\/www.youtube.com\/watch?v=DscRpUC1S6I\" target=\"_blank\" rel=\"noopener noreferrer\">Instrumental insemination 1<\/a><\/p>\n<p>Die von mir eingesetzte Technik erlaubt eine pr\u00e4zise Steuerung s\u00e4mtlicher Bewegungen in optimaler Anordnung. Die Spritze ist <strong>in drei Ebenen<\/strong> fein zu verstellen und der Zahnstangentrieb mit Schr\u00e4gverzahnung ist <strong>regulierbar.<\/strong><\/p>\n<p>Hervorstechende Merkmale sind die Bedienung der Handgriffe \u00fcber Kugelgelenke und die Steuerung der Spritze \u00fcber den Zahnstangentrieb. Die Mechanik arbeitet direkt ohne Umlenkungen. Die doppelt gelagerten H\u00e4kchengriffe erlauben sanfte Bewegungen mit hoher Pr\u00e4zision, schlie\u00dflich spielt sich das Wichtigste im Zehntel-Millimeterbereich ab. Die Handgriffe mit Luerkonus sind wechselseitig austauschbar, so da\u00df auch linksh\u00e4ndig der Stachel gefa\u00dft und die Stachelkammer ge\u00f6ffnet werden kann. So werden auch die Falten im Vaginalbereich beseitigt. Die H\u00e4kchen brauchen nur aufgesteckt zu werden.\u00a0 Mikroskop, Beleuchtung und Narkosevorichtung sind auf die Instrumente abgestimmt.<\/p>\n<p>S\u00e4mtliche Metallteile sind aus massivem Messing (alles matt verchromt ohne Blendeffekte) sowie aus geschliffenem Edelstahl rostfrei gefertigt (gilt f\u00fcr meine Originalmodelle).<\/p>\n<p><strong><em>Wenn die blauen Textstellen angeklickt werden, so erhalten Sie entsprechende Fotos bzw. weitere Informationen!<\/em><\/strong><\/p>\n<p>&nbsp;<\/p>\n<p><strong>Nachfolgend werden die Ger\u00e4te abgebildet:<br \/>\n<\/strong><\/p>\n<p><strong>Besamungsger\u00e4t\u00a0 als Einzelger\u00e4t<\/strong><\/p>\n<p>ohne Mikroskop, ohne Beleuchtung und ohne Narkosevorrichtung,\u00a0jedoch mit kompletter Spritze, H\u00e4kchen, Besamungskan\u00fclen und anderen Kleinteilen im Koffer. Die Stachelkammer wird je nach Austattung mit dem Lochhaken oder dem Stachelgreifer ge\u00f6ffnet. Das Instrument eignet sich f\u00fcr die verschiedensten Stereomikroskope. Ein Beispiel hierf\u00fcr ist folgende\u00a0 <a href=\"https:\/\/www.besamungsgeraet.de\/__dt\/wp-content\/uploads\/103.jpg\" rel=\"lightbox[10]\">Kombination<\/a>.<strong><br \/>\n<\/strong><\/p>\n<p><a href=\"https:\/\/www.besamungsgeraet.de\/__dt\/wp-content\/uploads\/Instrument-1.01-neu2.jpg\" rel=\"lightbox[10]\"><img loading=\"lazy\" class=\"alignnone wp-image-2317\" title=\"Instrument 1.01 neu\" src=\"https:\/\/www.besamungsgeraet.de\/__dt\/wp-content\/uploads\/Instrument-1.01-neu2.jpg\" alt=\"\" width=\"473\" height=\"314\" srcset=\"https:\/\/www.besamungsgeraet.de\/__dt\/wp-content\/uploads\/Instrument-1.01-neu2.jpg 1107w, https:\/\/www.besamungsgeraet.de\/__dt\/wp-content\/uploads\/Instrument-1.01-neu2-300x199.jpg 300w, https:\/\/www.besamungsgeraet.de\/__dt\/wp-content\/uploads\/Instrument-1.01-neu2-1024x679.jpg 1024w\" sizes=\"(max-width: 473px) 100vw, 473px\" \/><\/a><\/p>\n<p><strong>Besamungsger\u00e4t 1.01.\u00a0<\/strong> Der hier am rechten Kugelgelenk abgebildete <a href=\"https:\/\/www.besamungsgeraet.de\/__dt\/_pdf\/12_stachelgreifer.pdf\">Stachelgreifer<\/a>\u00a0 stellt ein sehr feines Instrument dar. Auf Druck \u00f6ffnet sich der kleine Pinzettengreifer, mit dem der Stachel erfa\u00dft und die Vaginal\u00f6ffnung freigelegt wird.\u00a0 Der Klemmdruck ist einstellbar, damit der Stachel nicht gequetscht oder bei einer unbeabsichtigten Bewegung abgerissen wird. Der Schaftdurchmesser betr\u00e4gt 5 mm bei einer Gesamtl\u00e4nge des Stachelgreifers von 130 mm.<\/p>\n<p>Das Besamungsinstrument kann mit der flachen Grundplatte auf dem Stereomikroskop befestigt werden (mittels Schlitzscheibe in der runden \u00d6ffnung). Die Standfestigkeit ist aber auch ohne diese Befestigung aufgrund seiner massiven Konstruktion gew\u00e4hrleistet. Unter der Platte befinden sich eingelassene rutschfeste Ger\u00e4tepfropfen. Es ist sicherzustellen, da\u00df sie auf der Unterlage gut aufliegen. Die flache Ausbildung der Grundplatte ohne zus\u00e4tzliche F\u00fc\u00dfe ist vorteilhaft, weil es die Aufstellung erleichtert.<\/p>\n<p>Die Arbeitsabst\u00e4nde der Haltest\u00e4be sind fest eingestellt. Die Funktionsf\u00e4higkeit ist dadurch in keiner Weise eingeschr\u00e4nkt. <strong>Der Spritzenhalter ist am Triebblock in der H\u00f6he verstellbar<\/strong>, so da\u00df auch k\u00fcrzere Besamungskan\u00fclen benutzt werden k\u00f6nnen. Der K\u00f6niginnenhalter l\u00e4\u00dft sich w\u00e4hrend der Spermaaufnahme wegschwenken und steht nicht mehr im Wege. Das Ger\u00e4t wird standardm\u00e4\u00dfig mit dem komfortablen Stachelgreifer ausgeliefert. Je nach Wunsch kann auch mit dem Lochhaken gearbeitet werden.<\/p>\n<h3><strong>Besamungsspritze<\/strong><\/h3>\n<p>Die Funktionsweise der dazu geh\u00f6renden <a href=\"https:\/\/www.besamungsgeraet.de\/__dt\/_pdf\/5_schley_spritze.pdf\">SCHLEY-Spritze<\/a> geht aus folgendenden Abbildungen hervor. Sie hat sich seit vielen Jahren in der Praxis bew\u00e4hrt.<\/p>\n<p><a href=\"https:\/\/www.besamungsgeraet.de\/__dt\/besamungsgeraete\/spritze_foto-2\/\" rel=\"attachment wp-att-2785\"><img loading=\"lazy\" class=\"alignnone wp-image-2785\" src=\"https:\/\/www.besamungsgeraet.de\/__dt\/wp-content\/uploads\/Spritze_Foto-2.jpg\" alt=\"Spritze_Foto 2\" width=\"515\" height=\"203\" srcset=\"https:\/\/www.besamungsgeraet.de\/__dt\/wp-content\/uploads\/Spritze_Foto-2.jpg 1156w, https:\/\/www.besamungsgeraet.de\/__dt\/wp-content\/uploads\/Spritze_Foto-2-300x118.jpg 300w, https:\/\/www.besamungsgeraet.de\/__dt\/wp-content\/uploads\/Spritze_Foto-2-768x303.jpg 768w, https:\/\/www.besamungsgeraet.de\/__dt\/wp-content\/uploads\/Spritze_Foto-2-1024x404.jpg 1024w\" sizes=\"(max-width: 515px) 100vw, 515px\" \/><\/a><\/p>\n<p>Der Zusammenbau der Standardspritze wird an der Stelle 1:40 min im folgenden Video gezeigt: \u201c<a title=\"K\u00fcnstliche Besamung\" href=\"http:\/\/www.youtube.com\/my_videos_annotate?ns=1&amp;v=M4XDbKL0ZEc\">K\u00fcnstliche Besamung<\/a>\u201d\u00a0\u00a0\u00a0\u00a0\u00a0\u00a0\u00a0\u00a0\u00a0\u00a0\u00a0\u00a0\u00a0\u00a0\u00a0\u00a0\u00a0\u00a0\u00a0\u00a0\u00a0\u00a0\u00a0\u00a0\u00a0\u00a0\u00a0\u00a0\u00a0\u00a0\u00a0\u00a0\u00a0\u00a0\u00a0\u00a0\u00a0\u00a0\u00a0\u00a0\u00a0\u00a0\u00a0\u00a0\u00a0\u00a0\u00a0\u00a0\u00a0\u00a0\u00a0\u00a0\u00a0\u00a0\u00a0\u00a0\u00a0\u00a0\u00a0\u00a0\u00a0\u00a0\u00a0\u00a0\u00a0\u00a0\u00a0\u00a0\u00a0\u00a0\u00a0\u00a0\u00a0\u00a0\u00a0\u00a0 (Es k\u00f6nnen auch k\u00fcrzere Besamungsspitzen montiert werde. Der Spritzenhalter wird dazu abgesenkt, was bei den neueren Ger\u00e4ten m\u00f6glich ist).<\/p>\n<p>&nbsp;<\/p>\n<div><img loading=\"lazy\" class=\"\" src=\"https:\/\/www.besamungsgeraet.de\/UserFiles\/Image\/_deutsch\/besamungsspritze.jpg\" alt=\"Besamungsspritze\" width=\"371\" height=\"99\" \/><\/div>\n<div><a href=\"https:\/\/www.besamungsgeraet.de\/__dt\/narkosevorrichtung\/weiss\/\" rel=\"attachment wp-att-3396\"><img loading=\"lazy\" class=\"alignnone wp-image-3396\" src=\"https:\/\/www.besamungsgeraet.de\/__dt\/wp-content\/uploads\/wei\u00df.png\" alt=\"\" width=\"24\" height=\"16\" srcset=\"https:\/\/www.besamungsgeraet.de\/__dt\/wp-content\/uploads\/wei\u00df.png 438w, https:\/\/www.besamungsgeraet.de\/__dt\/wp-content\/uploads\/wei\u00df-300x197.png 300w\" sizes=\"(max-width: 24px) 100vw, 24px\" \/><\/a><\/div>\n<div><strong>Besamungsspritze mit auswechselbaren Kolben und Zylindern<\/strong><\/div>\n<div>\n<p>1 \u2013 Besamungskan\u00fcle aus Glas,\u00a0 2 \u2013 Muffe mit Stufenbohrungen,\u00a0 3 \u2013 Quetschdichtung von 5-7 mm L\u00e4nge, 4 \u2013 Spritzengeh\u00e4use mit Sehschlitz im \u00d8 8 mm,\u00a0 5 \u2013 Spritzenzylinder,\u00a0 6 &#8211; Kolben, 7 \u2013 Gewindespindel,\u00a0 8 \u2013 \u00dcberwurfmutter,\u00a0 9 \u2013 Drehknopf <em>(Diese Zeichnung stammte noch von meinem alten Apple-Macintosh, wo Zeichnungen mit Punkten gemacht wurden).<\/em><\/p>\n<p>Anzumerken ist, da\u00df der Gummikolben leicht zu fetten ist, nicht jedoch das Ende der Gewindespindel, wo er aufgesteckt wird. Alle Teile m\u00fcssen gut aufeinander abgestimmt sein.<\/p>\n<p>Nach Abnahme der Muffe 2 kann eine vorbereitete zweite oder dritte\u00a0 Besamungskan\u00fcle angeschlossen werden,\u00a0 so da\u00df mit einer Spritzenzylinderf\u00fcllung nacheinander viele K\u00f6niginnen besamt werden k\u00f6nnen. Dabei ist zu beachten, da\u00df die Spermas\u00e4ule wegwandern kann, wenn nicht mit dem Drehknopf dagegen gesteuert wird. Eine Besamungskan\u00fcle nimmt 4-5 Portionen auf. Nach der Reinigung k\u00f6nnen sie immer wieder benutzt werden.<\/p>\n<\/div>\n<div>\n<p>Es kann auch mit der Spritze nach <a href=\"https:\/\/www.besamungsgeraet.de\/__dt\/_pdf\/2-System-HARBO.pdf\">HARBO<\/a> (modifizierte Ausf\u00fchrung) gearbeitet werden, die mehr Portionen aufnimmt. Spritzenzylinder, Kolben und Gewindespindel sind baugleich. Diese Spritze ist zu empfehlen, wenn gr\u00f6\u00dfere Spermamengen am St\u00fcck aufgezogen werden und das Drohnensperma verschickt wird.<\/p>\n<p>Die Besamungskan\u00fcle und das Spermar\u00f6hrchen (Einwegpipette in ganzer L\u00e4nge, die voll mit Sperma gef\u00fcllt werden kann) sind aus Platzgr\u00fcnden hier voneinander getrennt und mit einem d\u00fcnnen Infusionsschlauch verbunden. Das hat trotz der einfachen Konstruktion gewisse Vorteile.<\/p>\n<p>Die komplette HARBO-Spritze setzt sich aber aus vielen Einzelteilen zusammen und ist umst\u00e4ndlicher zu handhaben. Dieser Spritzentyp ist in den USA weit verbreitet <a href=\"https:\/\/www.youtube.com\/watch?v=nozBcUFK-E8&amp;app=desktop\">(siehe hierzu ein englisch besprochenes Video zu meiner Variante)<\/a>. Beim Original wird als Kolbeneinheit eine Gilmont Mikrometerspritze benutzt. Zur Dosierung reicht es aber vollkommen aus, wenn beim hiesigen Modell am Drehknopf eine Markierung angebracht wird, so da\u00df anhand der Spindeldrehung die Spermamenge abgesch\u00e4tzt wird. 3\/4 Umdrehung entsprechen 8 Mikroliter, ausreichend f\u00fcr eine einmalige Besamung. Das gilt auch f\u00fcr die oben beschriebene normale Spritze.<\/p>\n<\/div>\n<div>\n<div><img loading=\"lazy\" src=\"https:\/\/www.besamungsgeraet.de\/UserFiles\/Image\/_deutsch\/kleinteile.jpg\" alt=\"Kleinteile\" width=\"300\" height=\"231\" \/><\/div>\n<p><strong>Kleinteile befinden sich in der Klarsichtschachtel.<\/strong><\/p>\n<p>&nbsp;<\/p>\n<p><a href=\"https:\/\/www.besamungsgeraet.de\/__dt\/wp-content\/uploads\/Koffer-2013-08-22-um-17.46.172.png\" rel=\"lightbox[10]\"><img loading=\"lazy\" class=\"alignnone wp-image-1913\" title=\"Koffer 2013-08-22 um 17.46.17\" src=\"https:\/\/www.besamungsgeraet.de\/__dt\/wp-content\/uploads\/Koffer-2013-08-22-um-17.46.172-1024x916.png\" alt=\"\" width=\"515\" height=\"460\" srcset=\"https:\/\/www.besamungsgeraet.de\/__dt\/wp-content\/uploads\/Koffer-2013-08-22-um-17.46.172-1024x916.png 1024w, https:\/\/www.besamungsgeraet.de\/__dt\/wp-content\/uploads\/Koffer-2013-08-22-um-17.46.172-300x268.png 300w, https:\/\/www.besamungsgeraet.de\/__dt\/wp-content\/uploads\/Koffer-2013-08-22-um-17.46.172.png 1068w\" sizes=\"(max-width: 515px) 100vw, 515px\" \/><\/a><\/p>\n<p><strong>Besamungsger\u00e4t 1.01 mit den Kleinteilen im Koffer (wie beim Kompettger\u00e4t zusammen mit Optik usw.).<\/strong><\/p>\n<p>&nbsp;<\/p>\n<h3>Besamungsger\u00e4t 1.02, schwere Ausf\u00fchrung mit F\u00fc\u00dfen<\/h3>\n<p>Es handelt sich um das Vorg\u00e4ngermodell mit F\u00fc\u00dfen, die eigentlich nicht erforderlich sind und nur mehr Platz unter dem Mikroskop beanspruchen und eher hinderlich sind. Das trifft auch f\u00fcr die Einstellung des S\u00e4ulenabstandes zu, der nicht mehr ver\u00e4ndert zu werden braucht. Dieses Instrument ist eine Weiterentwicklung des von RUTTNER u.a. (1974) vorgestellten Standardger\u00e4tes.<\/p>\n<p>Wegen seiner kompakten schweren Bauweise und seiner Bekanntheit ist es immer noch gefragt und wird weiterhin hergestellt. Als Besamungsspritze wurde damals bei den Vorg\u00e4ngermodellen die sogenannte Membranspritze mit geringerer Kapazit\u00e4t benutzt. Schon seit langer Zeit ist die SCHLEY-Spritze \u00fcblich.<\/p>\n<div><a href=\"https:\/\/www.besamungsgeraet.de\/__dt\/wp-content\/uploads\/1020.jpg\" rel=\"lightbox[10]\"><img loading=\"lazy\" class=\"alignnone wp-image-1906\" title=\"1020\" src=\"https:\/\/www.besamungsgeraet.de\/__dt\/wp-content\/uploads\/1020-1024x768.jpg\" alt=\"\" width=\"337\" height=\"252\" srcset=\"https:\/\/www.besamungsgeraet.de\/__dt\/wp-content\/uploads\/1020-1024x768.jpg 1024w, https:\/\/www.besamungsgeraet.de\/__dt\/wp-content\/uploads\/1020-300x225.jpg 300w\" sizes=\"(max-width: 337px) 100vw, 337px\" \/><\/a><\/div>\n<div><\/div>\n<div>Die Bauweise des Vorg\u00e4ngermodells bietet viele Verstellm\u00f6glichkeiten, die heute nicht mehr ben\u00f6tigt werden und bei Anf\u00e4ngern zur Verunsicherung beitragen. Das stammt noch aus der Zeit, wo mit verschiedenen Einstellungen experimentiert wurde. Wert wurde darauf gelegt, da\u00df zum weiter oben beschriebenen Nachfolgemodell 1.01 alle wichtigen Funktionsteile austauschbar blieben.<\/div>\n<div><strong>Auf meiner Nebenseite &#8222;instrumentelle-besamung.de&#8220; werden im Abschnitte &#8222;Fragen und Antworten&#8220; die Unterschiede zwischen den Modellen 1.0 und 1.02 weiter verdeutlicht.<\/strong><\/div>\n<p>&nbsp;<\/p>\n<h3>Komplettger\u00e4t<\/h3>\n<div>Das [Komplettger\u00e4t -&gt;komplettgeraet] (komplett mit [Mikroskop-&gt;stereomikroskope], [LED-Licht-&gt;kaltlichtquellen] und [Narkosevorrichtung-&gt;narkosevorrichtung]) besitzt dieselben Funktionsteile wie die vorgenannten\u00a0 Modelle. In dieser Zusammenstellung ist alles enthalten, was zur Besamung einer Bienenk\u00f6nigin erforderlich ist, also Instrument, Spritze, Kan\u00fclen, Mikroskop, Beleuchtung und Narkosevorrichtung sowie alle erforderlichen Kleinteile einschlie\u00dflich Verd\u00fcnnerl\u00f6sung. Bei Bedarf kann die gro\u00dfe Narkosevorrichtung f\u00fcr Druckflaschen Verwendung finden.<\/div>\n<p>Vorteilhaft ist die schlanke Ausf\u00fchrung des Objektivs. Gearbeitet wird wie \u00fcblich mit 10facher Vergr\u00f6\u00dferung. St\u00e4rkere Vergr\u00f6\u00dferungen bringen f\u00fcr die Besamung von Bienenk\u00f6niginnen eigentlich keine Vorteile. Die h\u00f6herwertige Zoomausf\u00fchrung mit einem gleitenden erweiterten Vergr\u00f6\u00dferungsbereich ist etwas teurer. Am Mikroskop kann sich je nach Modell bereits eine integrierte LED-Lichtquellen sowohl als Auflicht als Unterflurbeleuchtung befinden. Die verbesserten werkseitig integrierten LED-Beleuchtungen der Hersteller sind inzwischen verwendbar. Sie sind zudem dimmbar.<\/p>\n<p>Die Optik der nachstehend abgebildet kompletten Ausr\u00fcstung ist \u00fcbrigens mit einer praktischen Konsolenplatte f\u00fcr den Narkose-Kugeladapter und zus\u00e4tzlichem Licht ausger\u00fcstet, falls die LED-Punktleuchte im Warmton mit Schwanenhals und Konstantstrom-Trafo (110 &#8211; 230 Volt) zum Einsatz kommen soll.<\/p>\n<p><strong>Es ist bereits alles verf\u00fcgbar und so weit vorbereitet, da\u00df sofort mit der Arbeit begonnen werden kann.<\/strong><\/p>\n<p>Die Abbildung zeigt eine Ausr\u00fcstung komplett mit Mikroskop, LED-Licht, Narkosevorrichtung f\u00fcr Kapseln und den CO2-Kugeladapter. F\u00fcr die Optik kommen verschiedene Modelle in Betracht.<\/p>\n<p>Die Narkosevorrichtung verwendet genormte 16g-Kapseln. Eine Kapsel reicht f\u00fcr mehrere K\u00f6niginnen einschlie\u00dflich Zusatzbehandlung. Bei Bedarf k\u00f6nnen gr\u00f6\u00dfere CO2-Flaschen angeschlossen werden. Hierzu sind der Druckminderer f\u00fcr Hochdruckflaschen erforderlich. Diese Artikel k\u00f6nnen sofort oder nachtr\u00e4glich angeschafft werden. Auf Wunsch erhalten Sie weitere aktuelle Informationen.<\/p>\n<div><a href=\"https:\/\/www.besamungsgeraet.de\/__dt\/besamungsgeraete\/kompl-2-2\/\" rel=\"attachment wp-att-2664\"><img loading=\"lazy\" class=\"alignnone wp-image-2664\" src=\"https:\/\/www.besamungsgeraet.de\/__dt\/wp-content\/uploads\/Kompl-2-1.jpg\" alt=\"Kompl 2\" width=\"500\" height=\"332\" srcset=\"https:\/\/www.besamungsgeraet.de\/__dt\/wp-content\/uploads\/Kompl-2-1.jpg 1200w, https:\/\/www.besamungsgeraet.de\/__dt\/wp-content\/uploads\/Kompl-2-1-300x200.jpg 300w, https:\/\/www.besamungsgeraet.de\/__dt\/wp-content\/uploads\/Kompl-2-1-768x511.jpg 768w, https:\/\/www.besamungsgeraet.de\/__dt\/wp-content\/uploads\/Kompl-2-1-1024x681.jpg 1024w\" sizes=\"(max-width: 500px) 100vw, 500px\" \/><\/a><\/div>\n<div><a href=\"https:\/\/www.besamungsgeraet.de\/__dt\/besamungsgeraete\/bildschirmfoto-2016-03-29-um-18-20-18-2\/\" rel=\"attachment wp-att-2667\"><img loading=\"lazy\" class=\"alignnone wp-image-2667\" src=\"https:\/\/www.besamungsgeraet.de\/__dt\/wp-content\/uploads\/Bildschirmfoto-2016-03-29-um-18.20.18-2.jpg\" alt=\"Bildschirmfoto 2016-03-29 um 18.20.18 2\" width=\"164\" height=\"165\" srcset=\"https:\/\/www.besamungsgeraet.de\/__dt\/wp-content\/uploads\/Bildschirmfoto-2016-03-29-um-18.20.18-2.jpg 1191w, https:\/\/www.besamungsgeraet.de\/__dt\/wp-content\/uploads\/Bildschirmfoto-2016-03-29-um-18.20.18-2-150x150.jpg 150w, https:\/\/www.besamungsgeraet.de\/__dt\/wp-content\/uploads\/Bildschirmfoto-2016-03-29-um-18.20.18-2-298x300.jpg 298w, https:\/\/www.besamungsgeraet.de\/__dt\/wp-content\/uploads\/Bildschirmfoto-2016-03-29-um-18.20.18-2-768x774.jpg 768w, https:\/\/www.besamungsgeraet.de\/__dt\/wp-content\/uploads\/Bildschirmfoto-2016-03-29-um-18.20.18-2-1016x1024.jpg 1016w\" sizes=\"(max-width: 164px) 100vw, 164px\" \/><\/a><\/div>\n<p><strong>Beispiel Komplettger\u00e4t (modifiziert von Wachholz mit zus\u00e4tzlichem Tr\u00e4ger)<br \/>\n<\/strong><\/p>\n<p>Oben abgebildet ist eine komplette Ger\u00e4tschaft mit Optik, Beleuchtung und Narkosevorrichtung. Darunter ist die praktische Konsole von hinten zu sehen. Die einzelnen Komponenten werden st\u00e4ndig auf den neuesten Entwicklungsstand angepasst und k\u00f6nnen noch weiter erg\u00e4nzt werden (z.B. mit Fototubus und Kamera u.a.).<\/p>\n<p>Mikroskopanbieter bieten regelm\u00e4\u00dfig neue Modelle an, die alle verwendbar sind, solange die Grundabmessungen beibehalten werden. So gesehen gibt es st\u00e4ndig kleine Neuerungen.\u00a0<strong><br \/>\n<\/strong><\/p>\n<\/div>\n<p>&nbsp;<\/p>\n<p><strong>Benutzerhandbuch<\/strong><\/p>\n<p>mit technischen Angaben zu den einzelnen Funktionen des Besamungsger\u00e4tes 1.01 sowie Ersatzteilanfertigung.<\/p>\n<p>73 Seiten, 68 Abbildungen. E-mail:\u00a0Peter.Schley@t-online.de<\/p>\n<p>&nbsp;<\/p>\n<p>&nbsp;<\/p>\n","protected":false},"excerpt":{"rendered":"<p>f\u00fcr Bienenk\u00f6niginnen Das Besamungsger\u00e4t ist ein Mikromanipulator, der die K\u00f6nigin fixiert und das Einf\u00fchren der Besamungskan\u00fcle in die Geschlechtswege erlaubt. Auf dem Markt werden verschiedene Systeme angeboten. Darunter befinden sich auch solche, die freih\u00e4ndiges Arbeiten voraussetzen. Im englisch besprochenem Video von Susan Cobey werden an der Stelle 1.10 min verschiedene Konstruktionen gezeigt: Instrumental insemination 1 [&hellip;]<\/p>\n","protected":false},"author":3,"featured_media":0,"parent":0,"menu_order":1,"comment_status":"open","ping_status":"closed","template":"","meta":[],"_links":{"self":[{"href":"https:\/\/www.besamungsgeraet.de\/__dt\/wp-json\/wp\/v2\/pages\/10"}],"collection":[{"href":"https:\/\/www.besamungsgeraet.de\/__dt\/wp-json\/wp\/v2\/pages"}],"about":[{"href":"https:\/\/www.besamungsgeraet.de\/__dt\/wp-json\/wp\/v2\/types\/page"}],"author":[{"embeddable":true,"href":"https:\/\/www.besamungsgeraet.de\/__dt\/wp-json\/wp\/v2\/users\/3"}],"replies":[{"embeddable":true,"href":"https:\/\/www.besamungsgeraet.de\/__dt\/wp-json\/wp\/v2\/comments?post=10"}],"version-history":[{"count":404,"href":"https:\/\/www.besamungsgeraet.de\/__dt\/wp-json\/wp\/v2\/pages\/10\/revisions"}],"predecessor-version":[{"id":3529,"href":"https:\/\/www.besamungsgeraet.de\/__dt\/wp-json\/wp\/v2\/pages\/10\/revisions\/3529"}],"wp:attachment":[{"href":"https:\/\/www.besamungsgeraet.de\/__dt\/wp-json\/wp\/v2\/media?parent=10"}],"curies":[{"name":"wp","href":"https:\/\/api.w.org\/{rel}","templated":true}]}}